{"id":1062,"date":"2021-12-03T07:43:42","date_gmt":"2021-12-03T07:43:42","guid":{"rendered":"https:\/\/alejandromosquera.com\/?post_type=product&#038;p=1062"},"modified":"2022-07-07T07:18:14","modified_gmt":"2022-07-07T07:18:14","slug":"esmouca-serigrafia-centenario-do-pce-2021-edicion-limitada-x-100-en-papel-de-alto-gramaxe-41-x-29-cm-copia","status":"publish","type":"product","link":"https:\/\/alejandromosquera.com\/?product=esmouca-serigrafia-centenario-do-pce-2021-edicion-limitada-x-100-en-papel-de-alto-gramaxe-41-x-29-cm-copia","title":{"rendered":"Coru\u00f1ento. Serigraf\u00eda (35 x 35 cm)"},"content":{"rendered":"","protected":false},"excerpt":{"rendered":"<p>Serigraf\u00eda limitada a 100 unidades en papel Fabriano 250 gr. Firmado e datado (2021)<\/p>\n<p>O coru\u00f1ento alienado pasea cos seus adorados fetiches, pantalla e can. Coas d\u00faas mans ocupadas e o rostro ba\u00f1ado pola luz dixital, cami\u00f1a por Coru\u00f1a nun estado de sedaci\u00f3n permanente.<\/p>\n<p>A referencia para esta obra \u00e9 o d\u00edptico dos Duque de Urbino, de Piero della Francesca. Na obra do s\u00e9culo XV cel\u00e9brase o home Renacentista como protagonista activo da historia, a mirada do duque reflicte a confianza no ser humano. No caso do Coru\u00f1ento vemos a un home desco\u00f1ecedor da s\u00faa condici\u00f3n humana, coa mirada perdida entre os estimulos do novo s\u00e9culo.<\/p>\n<div id=\"gtx-trans\" style=\"position: absolute; left: 398px; top: 39.2222px;\">\n<div class=\"gtx-trans-icon\"><\/div>\n<\/div>\n","protected":false},"featured_media":1070,"comment_status":"open","ping_status":"closed","template":"","meta":[],"product_brand":[],"product_cat":[33],"product_tag":[],"class_list":{"0":"post-1062","1":"product","2":"type-product","3":"status-publish","4":"has-post-thumbnail","6":"product_cat-sin-categorizar","8":"first","9":"instock","10":"shipping-taxable","11":"purchasable","12":"product-type-variable"},"_links":{"self":[{"href":"https:\/\/alejandromosquera.com\/index.php?rest_route=\/wp\/v2\/product\/1062","targetHints":{"allow":["GET"]}}],"collection":[{"href":"https:\/\/alejandromosquera.com\/index.php?rest_route=\/wp\/v2\/product"}],"about":[{"href":"https:\/\/alejandromosquera.com\/index.php?rest_route=\/wp\/v2\/types\/product"}],"replies":[{"embeddable":true,"href":"https:\/\/alejandromosquera.com\/index.php?rest_route=%2Fwp%2Fv2%2Fcomments&post=1062"}],"wp:featuredmedia":[{"embeddable":true,"href":"https:\/\/alejandromosquera.com\/index.php?rest_route=\/wp\/v2\/media\/1070"}],"wp:attachment":[{"href":"https:\/\/alejandromosquera.com\/index.php?rest_route=%2Fwp%2Fv2%2Fmedia&parent=1062"}],"wp:term":[{"taxonomy":"product_brand","embeddable":true,"href":"https:\/\/alejandromosquera.com\/index.php?rest_route=%2Fwp%2Fv2%2Fproduct_brand&post=1062"},{"taxonomy":"product_cat","embeddable":true,"href":"https:\/\/alejandromosquera.com\/index.php?rest_route=%2Fwp%2Fv2%2Fproduct_cat&post=1062"},{"taxonomy":"product_tag","embeddable":true,"href":"https:\/\/alejandromosquera.com\/index.php?rest_route=%2Fwp%2Fv2%2Fproduct_tag&post=1062"}],"curies":[{"name":"wp","href":"https:\/\/api.w.org\/{rel}","templated":true}]}}