{"id":1198,"date":"2022-11-10T17:15:43","date_gmt":"2022-11-10T17:15:43","guid":{"rendered":"https:\/\/alejandromosquera.com\/?post_type=product&#038;p=1198"},"modified":"2022-11-14T18:05:44","modified_gmt":"2022-11-14T18:05:44","slug":"preguiza-7-pecados-galegos-23-x-30-cm-papel-de-alto-gramaxe","status":"publish","type":"product","link":"https:\/\/alejandromosquera.com\/?product=preguiza-7-pecados-galegos-23-x-30-cm-papel-de-alto-gramaxe","title":{"rendered":"\u00abPreguiza\u00bb 7 Pecados Galegos (23 x 30 cm) Papel de alto gramaxe"},"content":{"rendered":"","protected":false},"excerpt":{"rendered":"<p>Os 7 Pecados Galegos levan os pecados capitales ao contexto galego cun tono humor\u00edstico. Nas distintas obras, figura e fondo son referencias a personaxes e s\u00edmbolos da noso cultura. Paisaxes xeom\u00e9tricas cheas de cor amosan a vida popular galega cunha linguaxe contempor\u00e1nea. O vello botando unha soneca, o mari\u00f1eiro lamb\u00f3n, a cesteira que leva o mundo na cabeza, a veci\u00f1a lareta, a vella vaidosa, a ira pola quentura dun pemento de Padr\u00f3n e o home luxurioso son as 7 personaxes que compo\u00f1en a serie.<\/p>\n","protected":false},"featured_media":1196,"comment_status":"open","ping_status":"closed","template":"","meta":[],"product_brand":[],"product_cat":[33],"product_tag":[],"class_list":{"0":"post-1198","1":"product","2":"type-product","3":"status-publish","4":"has-post-thumbnail","6":"product_cat-sin-categorizar","8":"first","9":"instock","10":"shipping-taxable","11":"purchasable","12":"product-type-simple"},"_links":{"self":[{"href":"https:\/\/alejandromosquera.com\/index.php?rest_route=\/wp\/v2\/product\/1198","targetHints":{"allow":["GET"]}}],"collection":[{"href":"https:\/\/alejandromosquera.com\/index.php?rest_route=\/wp\/v2\/product"}],"about":[{"href":"https:\/\/alejandromosquera.com\/index.php?rest_route=\/wp\/v2\/types\/product"}],"replies":[{"embeddable":true,"href":"https:\/\/alejandromosquera.com\/index.php?rest_route=%2Fwp%2Fv2%2Fcomments&post=1198"}],"wp:featuredmedia":[{"embeddable":true,"href":"https:\/\/alejandromosquera.com\/index.php?rest_route=\/wp\/v2\/media\/1196"}],"wp:attachment":[{"href":"https:\/\/alejandromosquera.com\/index.php?rest_route=%2Fwp%2Fv2%2Fmedia&parent=1198"}],"wp:term":[{"taxonomy":"product_brand","embeddable":true,"href":"https:\/\/alejandromosquera.com\/index.php?rest_route=%2Fwp%2Fv2%2Fproduct_brand&post=1198"},{"taxonomy":"product_cat","embeddable":true,"href":"https:\/\/alejandromosquera.com\/index.php?rest_route=%2Fwp%2Fv2%2Fproduct_cat&post=1198"},{"taxonomy":"product_tag","embeddable":true,"href":"https:\/\/alejandromosquera.com\/index.php?rest_route=%2Fwp%2Fv2%2Fproduct_tag&post=1198"}],"curies":[{"name":"wp","href":"https:\/\/api.w.org\/{rel}","templated":true}]}}