{"id":1586,"date":"2025-12-02T10:51:29","date_gmt":"2025-12-02T10:51:29","guid":{"rendered":"https:\/\/alejandromosquera.com\/?post_type=product&#038;p=1586"},"modified":"2026-04-30T12:34:01","modified_gmt":"2026-04-30T12:34:01","slug":"venus-do-norte-70-x-50-cm-serigrafia-edicion-limitada-a-50-copia","status":"publish","type":"product","link":"https:\/\/alejandromosquera.com\/?product=venus-do-norte-70-x-50-cm-serigrafia-edicion-limitada-a-50-copia","title":{"rendered":"\u00abVenus do Norte\u00bb. (50 x 70 cm). Serigraf\u00eda edici\u00f3n limitada a 50."},"content":{"rendered":"","protected":false},"excerpt":{"rendered":"<p>Serigraf\u00eda a 4 tintas sobre papel Fabriano 350 gr. Edici\u00f3n limitada a 50 unidades. 2025<\/p>\n<p>Dese\u00f1ado por Alejandro Mosquera e executado por Juan Balay.<\/p>\n<p>Os gravados, a diferencia dunha l\u00e1mina impresa, te\u00f1en valor como obra pict\u00f3rica tanto polo proceso manual da execuci\u00f3n (que reproduce exemplares coas diferencias propias do artesanal) como pola expresividade e textura da obra con tintas s\u00f3lidas, superposici\u00f3ns e movemento nas cores.<\/p>\n<p>Unha Venus propia, referenciada nos cl\u00e1sicos da pintura pero traida \u00f3 noso contexto. Unha figura femenina s\u00f3lido e robusta se sit\u00faa na contorna vexetal da Torre de H\u00e9rcules onde o faro aloumi\u00f1a o seu rostro. Un barco pesqueiro aprox\u00edmase pola costa e os preciados percebes asoman na s\u00faa fronte. Unha zona especial, chea de historia e de viviencias, dende mitos como o de H\u00e9rcules e Xeri\u00f3n (caveira debaixo da Torre), extra\u00f1as criaturas como a balea de Lugr\u00eds e unha flora e fauna aut\u00f3ctonas e m\u00e1xicas.<\/p>\n<p>&nbsp;<\/p>\n","protected":false},"featured_media":1588,"comment_status":"open","ping_status":"closed","template":"","meta":[],"product_brand":[],"product_cat":[33],"product_tag":[],"class_list":{"0":"post-1586","1":"product","2":"type-product","3":"status-publish","4":"has-post-thumbnail","6":"product_cat-sin-categorizar","8":"first","9":"instock","10":"shipping-taxable","11":"purchasable","12":"product-type-simple"},"_links":{"self":[{"href":"https:\/\/alejandromosquera.com\/index.php?rest_route=\/wp\/v2\/product\/1586","targetHints":{"allow":["GET"]}}],"collection":[{"href":"https:\/\/alejandromosquera.com\/index.php?rest_route=\/wp\/v2\/product"}],"about":[{"href":"https:\/\/alejandromosquera.com\/index.php?rest_route=\/wp\/v2\/types\/product"}],"replies":[{"embeddable":true,"href":"https:\/\/alejandromosquera.com\/index.php?rest_route=%2Fwp%2Fv2%2Fcomments&post=1586"}],"wp:featuredmedia":[{"embeddable":true,"href":"https:\/\/alejandromosquera.com\/index.php?rest_route=\/wp\/v2\/media\/1588"}],"wp:attachment":[{"href":"https:\/\/alejandromosquera.com\/index.php?rest_route=%2Fwp%2Fv2%2Fmedia&parent=1586"}],"wp:term":[{"taxonomy":"product_brand","embeddable":true,"href":"https:\/\/alejandromosquera.com\/index.php?rest_route=%2Fwp%2Fv2%2Fproduct_brand&post=1586"},{"taxonomy":"product_cat","embeddable":true,"href":"https:\/\/alejandromosquera.com\/index.php?rest_route=%2Fwp%2Fv2%2Fproduct_cat&post=1586"},{"taxonomy":"product_tag","embeddable":true,"href":"https:\/\/alejandromosquera.com\/index.php?rest_route=%2Fwp%2Fv2%2Fproduct_tag&post=1586"}],"curies":[{"name":"wp","href":"https:\/\/api.w.org\/{rel}","templated":true}]}}