{"id":1591,"date":"2025-12-02T11:00:35","date_gmt":"2025-12-02T11:00:35","guid":{"rendered":"https:\/\/alejandromosquera.com\/?post_type=product&#038;p=1591"},"modified":"2025-12-02T11:34:50","modified_gmt":"2025-12-02T11:34:50","slug":"marineiro-de-terra-50-x-70-cm-serigrafia-edicion-limitada-a-50","status":"publish","type":"product","link":"https:\/\/alejandromosquera.com\/?product=marineiro-de-terra-50-x-70-cm-serigrafia-edicion-limitada-a-50","title":{"rendered":"\u00abMari\u00f1eiro de Terra\u00bb. (50 x 70 cm). Serigraf\u00eda edici\u00f3n limitada a 50."},"content":{"rendered":"","protected":false},"excerpt":{"rendered":"<p>Serigraf\u00eda a 4 tintas sobre papel Fabriano 350 gr. Edici\u00f3n limitada a 50 unidades. 2025<\/p>\n<p>Dese\u00f1ado por Alejandro Mosquera e executado por Juan Balay.<\/p>\n<p>Os gravados, a diferencia dunha l\u00e1mina impresa, te\u00f1en valor como obra pict\u00f3rica tanto polo proceso manual da execuci\u00f3n (que reproduce exemplares coas diferencias propias do artesanal) como pola expresividade e textura da obra con tintas s\u00f3lidas, superposici\u00f3ns e movemento nas cores.<\/p>\n<p>El fala das s\u00faas aventuras no Gran Sol e dos anos que estivo embarcado pero s\u00f3 se lle pode ver nos bares do lugar. Lev\u00e1ntase cedo e prende un cigarro, a primeiro cunca de vi\u00f1o cando o sol asoma polo horizonte. Hai quen non quere madrugar para traballar e quen madruga para beber, xente seria.<\/p>\n","protected":false},"featured_media":1587,"comment_status":"open","ping_status":"closed","template":"","meta":[],"product_brand":[],"product_cat":[33],"product_tag":[],"class_list":{"0":"post-1591","1":"product","2":"type-product","3":"status-publish","4":"has-post-thumbnail","6":"product_cat-sin-categorizar","8":"first","9":"instock","10":"shipping-taxable","11":"purchasable","12":"product-type-simple"},"_links":{"self":[{"href":"https:\/\/alejandromosquera.com\/index.php?rest_route=\/wp\/v2\/product\/1591","targetHints":{"allow":["GET"]}}],"collection":[{"href":"https:\/\/alejandromosquera.com\/index.php?rest_route=\/wp\/v2\/product"}],"about":[{"href":"https:\/\/alejandromosquera.com\/index.php?rest_route=\/wp\/v2\/types\/product"}],"replies":[{"embeddable":true,"href":"https:\/\/alejandromosquera.com\/index.php?rest_route=%2Fwp%2Fv2%2Fcomments&post=1591"}],"wp:featuredmedia":[{"embeddable":true,"href":"https:\/\/alejandromosquera.com\/index.php?rest_route=\/wp\/v2\/media\/1587"}],"wp:attachment":[{"href":"https:\/\/alejandromosquera.com\/index.php?rest_route=%2Fwp%2Fv2%2Fmedia&parent=1591"}],"wp:term":[{"taxonomy":"product_brand","embeddable":true,"href":"https:\/\/alejandromosquera.com\/index.php?rest_route=%2Fwp%2Fv2%2Fproduct_brand&post=1591"},{"taxonomy":"product_cat","embeddable":true,"href":"https:\/\/alejandromosquera.com\/index.php?rest_route=%2Fwp%2Fv2%2Fproduct_cat&post=1591"},{"taxonomy":"product_tag","embeddable":true,"href":"https:\/\/alejandromosquera.com\/index.php?rest_route=%2Fwp%2Fv2%2Fproduct_tag&post=1591"}],"curies":[{"name":"wp","href":"https:\/\/api.w.org\/{rel}","templated":true}]}}