{"id":666,"date":"2020-10-26T13:24:35","date_gmt":"2020-10-26T13:24:35","guid":{"rendered":"http:\/\/alejandromosquera.com\/?post_type=product&#038;p=666"},"modified":"2022-07-07T07:20:14","modified_gmt":"2022-07-07T07:20:14","slug":"baralla-galega","status":"publish","type":"product","link":"https:\/\/alejandromosquera.com\/?product=baralla-galega","title":{"rendered":"Baralla Galega"},"content":{"rendered":"","protected":false},"excerpt":{"rendered":"<p>A Baralla Galega \u00e9 un xogo de cartas que versiona a baralla tradicional espa\u00f1ola para ilustrar en 40 cartas parte da cultura galega cun tono humor\u00edstico.<\/p>\n<p>A vieira, a cunca de vi\u00f1o, o fouci\u00f1o e o pemento de Padr\u00f3n son os catro elementos representativos da cultura popular que conforman os catro paos do xogo. As figuras rompen a xerarqu\u00eda masculina da baralla tradicional e introducen \u00e1 meiga (personaxe da mitolox\u00eda popular), a vaca rubia galega e a gaiteira.<\/p>\n","protected":false},"featured_media":104,"comment_status":"open","ping_status":"closed","template":"","meta":[],"product_brand":[],"product_cat":[33],"product_tag":[],"class_list":{"0":"post-666","1":"product","2":"type-product","3":"status-publish","4":"has-post-thumbnail","6":"product_cat-sin-categorizar","8":"first","9":"instock","10":"shipping-taxable","11":"purchasable","12":"product-type-simple"},"_links":{"self":[{"href":"https:\/\/alejandromosquera.com\/index.php?rest_route=\/wp\/v2\/product\/666","targetHints":{"allow":["GET"]}}],"collection":[{"href":"https:\/\/alejandromosquera.com\/index.php?rest_route=\/wp\/v2\/product"}],"about":[{"href":"https:\/\/alejandromosquera.com\/index.php?rest_route=\/wp\/v2\/types\/product"}],"replies":[{"embeddable":true,"href":"https:\/\/alejandromosquera.com\/index.php?rest_route=%2Fwp%2Fv2%2Fcomments&post=666"}],"wp:featuredmedia":[{"embeddable":true,"href":"https:\/\/alejandromosquera.com\/index.php?rest_route=\/wp\/v2\/media\/104"}],"wp:attachment":[{"href":"https:\/\/alejandromosquera.com\/index.php?rest_route=%2Fwp%2Fv2%2Fmedia&parent=666"}],"wp:term":[{"taxonomy":"product_brand","embeddable":true,"href":"https:\/\/alejandromosquera.com\/index.php?rest_route=%2Fwp%2Fv2%2Fproduct_brand&post=666"},{"taxonomy":"product_cat","embeddable":true,"href":"https:\/\/alejandromosquera.com\/index.php?rest_route=%2Fwp%2Fv2%2Fproduct_cat&post=666"},{"taxonomy":"product_tag","embeddable":true,"href":"https:\/\/alejandromosquera.com\/index.php?rest_route=%2Fwp%2Fv2%2Fproduct_tag&post=666"}],"curies":[{"name":"wp","href":"https:\/\/api.w.org\/{rel}","templated":true}]}}