{"id":682,"date":"2020-10-28T13:43:39","date_gmt":"2020-10-28T13:43:39","guid":{"rendered":"https:\/\/alejandromosquera.com\/?post_type=product&#038;p=682"},"modified":"2022-07-07T07:28:34","modified_gmt":"2022-07-07T07:28:34","slug":"levanta-a-mirada-e-loita-impresion-seriada-37-5-x-29-7-cm","status":"publish","type":"product","link":"https:\/\/alejandromosquera.com\/?product=levanta-a-mirada-e-loita-impresion-seriada-37-5-x-29-7-cm","title":{"rendered":"Levanta a mirada e loita. Impresi\u00f3n seriada (37.5 x 29.7 cm)"},"content":{"rendered":"","protected":false},"excerpt":{"rendered":"<p>A obra \u00e9 un chamamento \u00e1 participaci\u00f3n activa na transformaci\u00f3n do mundo.<\/p>\n<p>O humanista levanta a mirada do mundo te\u00f3rico para descubrir unha realidade material e contextualizada. O pobo cansado da inxustiza e a desigualdade sae \u00e1 r\u00faa para afirmarse como protagonistas da paisaxe urbana p\u00fablica.<\/p>\n<div id=\"gtx-trans\" style=\"position: absolute; left: 398px; top: 39.2222px;\">\n<div class=\"gtx-trans-icon\"><\/div>\n<\/div>\n","protected":false},"featured_media":706,"comment_status":"open","ping_status":"closed","template":"","meta":[],"product_brand":[],"product_cat":[33],"product_tag":[],"class_list":{"0":"post-682","1":"product","2":"type-product","3":"status-publish","4":"has-post-thumbnail","6":"product_cat-sin-categorizar","8":"first","9":"instock","10":"shipping-taxable","11":"purchasable","12":"product-type-simple"},"_links":{"self":[{"href":"https:\/\/alejandromosquera.com\/index.php?rest_route=\/wp\/v2\/product\/682","targetHints":{"allow":["GET"]}}],"collection":[{"href":"https:\/\/alejandromosquera.com\/index.php?rest_route=\/wp\/v2\/product"}],"about":[{"href":"https:\/\/alejandromosquera.com\/index.php?rest_route=\/wp\/v2\/types\/product"}],"replies":[{"embeddable":true,"href":"https:\/\/alejandromosquera.com\/index.php?rest_route=%2Fwp%2Fv2%2Fcomments&post=682"}],"wp:featuredmedia":[{"embeddable":true,"href":"https:\/\/alejandromosquera.com\/index.php?rest_route=\/wp\/v2\/media\/706"}],"wp:attachment":[{"href":"https:\/\/alejandromosquera.com\/index.php?rest_route=%2Fwp%2Fv2%2Fmedia&parent=682"}],"wp:term":[{"taxonomy":"product_brand","embeddable":true,"href":"https:\/\/alejandromosquera.com\/index.php?rest_route=%2Fwp%2Fv2%2Fproduct_brand&post=682"},{"taxonomy":"product_cat","embeddable":true,"href":"https:\/\/alejandromosquera.com\/index.php?rest_route=%2Fwp%2Fv2%2Fproduct_cat&post=682"},{"taxonomy":"product_tag","embeddable":true,"href":"https:\/\/alejandromosquera.com\/index.php?rest_route=%2Fwp%2Fv2%2Fproduct_tag&post=682"}],"curies":[{"name":"wp","href":"https:\/\/api.w.org\/{rel}","templated":true}]}}