{"id":804,"date":"2020-12-04T15:50:22","date_gmt":"2020-12-04T15:50:22","guid":{"rendered":"https:\/\/alejandromosquera.com\/?post_type=product&#038;p=804"},"modified":"2022-07-07T07:30:28","modified_gmt":"2022-07-07T07:30:28","slug":"babel-2019-impresion-tipo-poster-42-x-77cm","status":"publish","type":"product","link":"https:\/\/alejandromosquera.com\/?product=babel-2019-impresion-tipo-poster-42-x-77cm","title":{"rendered":"Babel 2019. Impresi\u00f3n tipo P\u00f3ster (42 x 77cm)"},"content":{"rendered":"","protected":false},"excerpt":{"rendered":"<p>Al contrario que en la Torre de Babel, la divisi\u00f3n de los seres humanos en grupos heterog\u00e9neos representados por s\u00edmbolos y materializados en escaleras, permite un ascenso con el que hemos conseguido conquistar la Tierra sobre el resto de especies.\u00a0Sin embargo, esta eusocialidad tambi\u00e9n hace que la guerra sea la maldici\u00f3n hereditaria de la humanidad cuestionando la evoluci\u00f3n y el progreso.<\/p>\n","protected":false},"featured_media":806,"comment_status":"open","ping_status":"closed","template":"","meta":[],"product_brand":[],"product_cat":[33],"product_tag":[],"class_list":{"0":"post-804","1":"product","2":"type-product","3":"status-publish","4":"has-post-thumbnail","6":"product_cat-sin-categorizar","8":"first","9":"instock","10":"shipping-taxable","11":"purchasable","12":"product-type-simple"},"_links":{"self":[{"href":"https:\/\/alejandromosquera.com\/index.php?rest_route=\/wp\/v2\/product\/804","targetHints":{"allow":["GET"]}}],"collection":[{"href":"https:\/\/alejandromosquera.com\/index.php?rest_route=\/wp\/v2\/product"}],"about":[{"href":"https:\/\/alejandromosquera.com\/index.php?rest_route=\/wp\/v2\/types\/product"}],"replies":[{"embeddable":true,"href":"https:\/\/alejandromosquera.com\/index.php?rest_route=%2Fwp%2Fv2%2Fcomments&post=804"}],"wp:featuredmedia":[{"embeddable":true,"href":"https:\/\/alejandromosquera.com\/index.php?rest_route=\/wp\/v2\/media\/806"}],"wp:attachment":[{"href":"https:\/\/alejandromosquera.com\/index.php?rest_route=%2Fwp%2Fv2%2Fmedia&parent=804"}],"wp:term":[{"taxonomy":"product_brand","embeddable":true,"href":"https:\/\/alejandromosquera.com\/index.php?rest_route=%2Fwp%2Fv2%2Fproduct_brand&post=804"},{"taxonomy":"product_cat","embeddable":true,"href":"https:\/\/alejandromosquera.com\/index.php?rest_route=%2Fwp%2Fv2%2Fproduct_cat&post=804"},{"taxonomy":"product_tag","embeddable":true,"href":"https:\/\/alejandromosquera.com\/index.php?rest_route=%2Fwp%2Fv2%2Fproduct_tag&post=804"}],"curies":[{"name":"wp","href":"https:\/\/api.w.org\/{rel}","templated":true}]}}